{"id":74,"date":"2023-06-15T15:24:10","date_gmt":"2023-06-15T15:24:10","guid":{"rendered":"https:\/\/wbf.am.bj\/?page_id=74"},"modified":"2023-06-27T09:03:45","modified_gmt":"2023-06-27T09:03:45","slug":"qui-sommes-nous","status":"publish","type":"page","link":"https:\/\/wbf.am.bj\/index.php\/qui-sommes-nous\/","title":{"rendered":"Qui sommes-nous ?"},"content":{"rendered":"<style>.kb-row-layout-id_6973b8-a1 > .kt-row-column-wrap{align-content:start;}:where(.kb-row-layout-id_6973b8-a1 > .kt-row-column-wrap) > .wp-block-kadence-column{justify-content:start;}.kb-row-layout-id_6973b8-a1 > .kt-row-column-wrap{column-gap:var(--global-kb-gap-md, 2rem);row-gap:var(--global-kb-gap-md, 2rem);grid-template-columns:minmax(0, 1fr);}.kb-row-layout-id_6973b8-a1 > .kt-row-layout-overlay{opacity:0.30;}@media all and (max-width: 1024px){.kb-row-layout-id_6973b8-a1 > .kt-row-column-wrap{grid-template-columns:minmax(0, 1fr);}}@media all and (max-width: 767px){.kb-row-layout-id_6973b8-a1 > .kt-row-column-wrap{grid-template-columns:minmax(0, 1fr);}}<\/style><div class=\"kb-row-layout-wrap kb-row-layout-id_6973b8-a1 alignfull wp-block-kadence-rowlayout\"><div class=\"kt-row-column-wrap kt-has-1-columns kt-row-layout-equal kt-tab-layout-inherit kt-mobile-layout-row kt-row-valign-top\">\n<style>.kadence-column_c77c47-74 > .kt-inside-inner-col,.kadence-column_c77c47-74 > .kt-inside-inner-col:before{border-top-left-radius:0px;border-top-right-radius:0px;border-bottom-right-radius:0px;border-bottom-left-radius:0px;}.kadence-column_c77c47-74 > .kt-inside-inner-col{column-gap:var(--global-kb-gap-sm, 1rem);}.kadence-column_c77c47-74 > .kt-inside-inner-col{flex-direction:column;}.kadence-column_c77c47-74 > .kt-inside-inner-col > .aligncenter{width:100%;}.kadence-column_c77c47-74 > .kt-inside-inner-col:before{opacity:0.3;}.kadence-column_c77c47-74{position:relative;}@media all and (max-width: 1024px){.kadence-column_c77c47-74 > .kt-inside-inner-col{flex-direction:column;justify-content:center;}}@media all and (max-width: 767px){.kadence-column_c77c47-74 > .kt-inside-inner-col{flex-direction:column;justify-content:center;}}<\/style>\n<div class=\"wp-block-kadence-column kadence-column_c77c47-74\"><div class=\"kt-inside-inner-col\"><style>.wp-block-kadence-advancedheading.kt-adv-heading_00e8b3-8a, .wp-block-kadence-advancedheading.kt-adv-heading_00e8b3-8a[data-kb-block=\"kb-adv-heading_00e8b3-8a\"]{padding-top:var(--global-kb-spacing-sm, 1.5rem);padding-bottom:var(--global-kb-spacing-md, 2rem);padding-left:var(--global-kb-spacing-5xl, 10rem);text-align:left;font-style:normal;}.wp-block-kadence-advancedheading.kt-adv-heading_00e8b3-8a mark.kt-highlight, .wp-block-kadence-advancedheading.kt-adv-heading_00e8b3-8a[data-kb-block=\"kb-adv-heading_00e8b3-8a\"] mark.kt-highlight{font-style:normal;color:#f76a0c;-webkit-box-decoration-break:clone;box-decoration-break:clone;padding-top:0px;padding-right:0px;padding-bottom:0px;padding-left:0px;}.wp-block-kadence-advancedheading.kt-adv-heading_00e8b3-8a img.kb-inline-image, .wp-block-kadence-advancedheading.kt-adv-heading_00e8b3-8a[data-kb-block=\"kb-adv-heading_00e8b3-8a\"] img.kb-inline-image{width:150px;vertical-align:baseline;}@media all and (max-width: 1024px){.wp-block-kadence-advancedheading.kt-adv-heading_00e8b3-8a, .wp-block-kadence-advancedheading.kt-adv-heading_00e8b3-8a[data-kb-block=\"kb-adv-heading_00e8b3-8a\"]{padding-left:0px;text-align:center!important;}}<\/style>\n<h2 class=\"kt-adv-heading_00e8b3-8a wp-block-kadence-advancedheading has-ast-global-color-3-color has-text-color has-ast-global-color-0-background-color has-background\" data-kb-block=\"kb-adv-heading_00e8b3-8a\">Qui sommes-nous ?<\/h2>\n<\/div><\/div>\n\n<\/div><\/div>\n\n<style>.kadence-column_aed36a-cc > .kt-inside-inner-col{padding-top:var(--global-kb-spacing-md, 2rem);padding-right:var(--global-kb-spacing-xxl, 5rem);padding-bottom:var(--global-kb-spacing-xxl, 5rem);padding-left:var(--global-kb-spacing-xxl, 5rem);}.kadence-column_aed36a-cc > .kt-inside-inner-col,.kadence-column_aed36a-cc > .kt-inside-inner-col:before{border-top-left-radius:0px;border-top-right-radius:0px;border-bottom-right-radius:0px;border-bottom-left-radius:0px;}.kadence-column_aed36a-cc > .kt-inside-inner-col{column-gap:var(--global-kb-gap-sm, 1rem);}.kadence-column_aed36a-cc > .kt-inside-inner-col{flex-direction:column;}.kadence-column_aed36a-cc > .kt-inside-inner-col > .aligncenter{width:100%;}.kadence-column_aed36a-cc > .kt-inside-inner-col{background-color:var(--ast-global-color-5);}.kadence-column_aed36a-cc > .kt-inside-inner-col:before{opacity:0.3;}.kadence-column_aed36a-cc{position:relative;}@media all and (max-width: 1024px){.kadence-column_aed36a-cc > .kt-inside-inner-col{flex-direction:column;justify-content:center;}}@media all and (max-width: 767px){.kadence-column_aed36a-cc > .kt-inside-inner-col{padding-right:var(--global-kb-spacing-xxs, 0.5rem);padding-left:var(--global-kb-spacing-xxs, 0.5rem);flex-direction:column;justify-content:center;}}<\/style>\n<div class=\"wp-block-kadence-column kadence-column_aed36a-cc\"><div class=\"kt-inside-inner-col\">\n<p class=\"has-medium-font-size\"><strong>Women Be Free<\/strong> est une Organisation Non Gouvernementale \u00e0 but non lucratif du B\u00e9nin existant depuis 2004, et dont les missions sont entre autres de promouvoir la sant\u00e9 et d\u2019am\u00e9liorer le niveau des revenus des populations, promouvoir les Technologies de l\u2019Information et de la Communication et l\u2019usage profitable d\u2019Internet au profit de la jeunesse, notamment de la jeunesse f\u00e9minine, des femmes leaders, des \u00e9l\u00e8ves filles et des filles des corps de m\u00e9tier.<\/p>\n\n\n\n<p class=\"has-medium-font-size\">      En tant qu\u2019organisation sp\u00e9cialis\u00e9e dans la Gouvernance de l\u2019Internet par ailleurs, nous formons, assistons, supervisons, dispensons appui-conseil, et mettons notre expertise au service de groupes vuln\u00e9rables, et d\u2019autres organisations et organismes\u2026<\/p>\n\n\n\n<p class=\"has-medium-font-size\">      L\u2019ONG Women Be Free est enregistr\u00e9e au num\u00e9ro 2021\/3029\/DEP-LIT\/SG\/SAG-ASSOC du 14 juin 2021, et publi\u00e9e au Journal Officiel de la R\u00e9publique du B\u00e9nin dans sa parution N\u00b014 du 15 juillet 2021.<\/p>\n\n\n\n<p class=\"has-medium-font-size\">     Nous travaillons \u00e9galement \u00e0 la mise en \u0153uvre au B\u00e9nin des agendas 2030 des Nations Unies et 2063 de l\u2019Union Africaine en faveur des filles et des femmes.<\/p>\n<\/div><\/div>\n\n\n\n<div style=\"height:100px\" aria-hidden=\"true\" class=\"wp-block-spacer\"><\/div>\n","protected":false},"excerpt":{"rendered":"<p>Qui sommes-nous ? Women Be Free est une Organisation Non Gouvernementale \u00e0 but non lucratif du B\u00e9nin existant depuis 2004, et dont les missions sont entre autres de promouvoir la sant\u00e9 et d\u2019am\u00e9liorer le niveau des revenus des populations, promouvoir les Technologies de l\u2019Information et de la Communication et l\u2019usage profitable d\u2019Internet au profit de [&hellip;]<\/p>\n","protected":false},"author":1,"featured_media":0,"parent":0,"menu_order":0,"comment_status":"closed","ping_status":"closed","template":"","meta":{"site-sidebar-layout":"default","site-content-layout":"","ast-site-content-layout":"default","site-content-style":"default","site-sidebar-style":"default","ast-global-header-display":"","ast-banner-title-visibility":"","ast-main-header-display":"","ast-hfb-above-header-display":"","ast-hfb-below-header-display":"","ast-hfb-mobile-header-display":"","site-post-title":"disabled","ast-breadcrumbs-content":"","ast-featured-img":"","footer-sml-layout":"","ast-disable-related-posts":"","theme-transparent-header-meta":"","adv-header-id-meta":"","stick-header-meta":"","header-above-stick-meta":"","header-main-stick-meta":"","header-below-stick-meta":"","astra-migrate-meta-layouts":"default","ast-page-background-enabled":"default","ast-page-background-meta":{"desktop":{"background-color":"var(--ast-global-color-4)","background-image":"","background-repeat":"repeat","background-position":"center center","background-size":"auto","background-attachment":"scroll","background-type":"","background-media":"","overlay-type":"","overlay-color":"","overlay-opacity":"","overlay-gradient":""},"tablet":{"background-color":"","background-image":"","background-repeat":"repeat","background-position":"center center","background-size":"auto","background-attachment":"scroll","background-type":"","background-media":"","overlay-type":"","overlay-color":"","overlay-opacity":"","overlay-gradient":""},"mobile":{"background-color":"","background-image":"","background-repeat":"repeat","background-position":"center center","background-size":"auto","background-attachment":"scroll","background-type":"","background-media":"","overlay-type":"","overlay-color":"","overlay-opacity":"","overlay-gradient":""}},"ast-content-background-meta":{"desktop":{"background-color":"var(--ast-global-color-5)","background-image":"","background-repeat":"repeat","background-position":"center center","background-size":"auto","background-attachment":"scroll","background-type":"","background-media":"","overlay-type":"","overlay-color":"","overlay-opacity":"","overlay-gradient":""},"tablet":{"background-color":"var(--ast-global-color-5)","background-image":"","background-repeat":"repeat","background-position":"center center","background-size":"auto","background-attachment":"scroll","background-type":"","background-media":"","overlay-type":"","overlay-color":"","overlay-opacity":"","overlay-gradient":""},"mobile":{"background-color":"var(--ast-global-color-5)","background-image":"","background-repeat":"repeat","background-position":"center center","background-size":"auto","background-attachment":"scroll","background-type":"","background-media":"","overlay-type":"","overlay-color":"","overlay-opacity":"","overlay-gradient":""}},"footnotes":""},"class_list":["post-74","page","type-page","status-publish","hentry"],"_links":{"self":[{"href":"https:\/\/wbf.am.bj\/index.php\/wp-json\/wp\/v2\/pages\/74","targetHints":{"allow":["GET"]}}],"collection":[{"href":"https:\/\/wbf.am.bj\/index.php\/wp-json\/wp\/v2\/pages"}],"about":[{"href":"https:\/\/wbf.am.bj\/index.php\/wp-json\/wp\/v2\/types\/page"}],"author":[{"embeddable":true,"href":"https:\/\/wbf.am.bj\/index.php\/wp-json\/wp\/v2\/users\/1"}],"replies":[{"embeddable":true,"href":"https:\/\/wbf.am.bj\/index.php\/wp-json\/wp\/v2\/comments?post=74"}],"version-history":[{"count":46,"href":"https:\/\/wbf.am.bj\/index.php\/wp-json\/wp\/v2\/pages\/74\/revisions"}],"predecessor-version":[{"id":743,"href":"https:\/\/wbf.am.bj\/index.php\/wp-json\/wp\/v2\/pages\/74\/revisions\/743"}],"wp:attachment":[{"href":"https:\/\/wbf.am.bj\/index.php\/wp-json\/wp\/v2\/media?parent=74"}],"curies":[{"name":"wp","href":"https:\/\/api.w.org\/{rel}","templated":true}]}}