{"id":424,"date":"2023-06-21T08:21:08","date_gmt":"2023-06-21T08:21:08","guid":{"rendered":"https:\/\/wbf.am.bj\/?page_id=424"},"modified":"2026-02-27T14:00:17","modified_gmt":"2026-02-27T14:00:17","slug":"evenements","status":"publish","type":"page","link":"https:\/\/wbf.am.bj\/index.php\/evenements\/","title":{"rendered":"\u00c9v\u00e9nements"},"content":{"rendered":"<h2><a href=\"https:\/\/wbf.am.bj\/index.php\/evenements\/?elementor-preview=424&amp;ver=1715516569#tab-vnementsvenir\" data-tab=\"1\">\u00c9v\u00e9nements \u00e0 venir<\/a><\/h2>\n<ul>\n<li>\n<h6 data-kb-block=\"kb-adv-heading424_cf399e-56\">Ecole de la Gouvernance de l&rsquo;Internet, \u00e9dition 2026. ( Les inscriptions sont officiellement ouvertes pour l&rsquo;\u00e9dition 2026 de l&rsquo;Ecole sur la Gouvernance de l&rsquo;Internet (EGI 2026).<\/h6>\n<\/li>\n<li>\n<h6>Forum des jeunes sur la Gouvernance de l\u2019internet au B\u00e9nin, \u00e9dition 2026. Des membres de l&rsquo;ONG Women Be Free\u00a0travaillent dans le comit\u00e9 d&rsquo;organisation du forum.<\/h6>\n<\/li>\n<li>\n<h6 data-kb-block=\"kb-adv-heading424_cf399e-56\">Forum National sur la Gouvernance de l\u2019internet au B\u00e9nin, \u00e9dition 2026. L&rsquo;ONG Women Be Free sera membre du comit\u00e9 national d&rsquo;organisation du forum.<\/h6>\n<\/li>\n<\/ul>\n<h2><a href=\"https:\/\/wbf.am.bj\/index.php\/evenements\/?elementor-preview=424&amp;ver=1715516569#tab-vnementspasss\" data-tab=\"2\">\u00c9v\u00e9nements Pass\u00e9s<\/a><\/h2>\n<ul>\n<li style=\"box-sizing: border-box; border: 0px; font-size: 1rem; font-style: inherit; font-weight: 600; outline: 0px; vertical-align: baseline; clear: both; color: #db0e47; line-height: 1.25em;\" data-kb-block=\"kb-adv-heading424_cf399e-56\">Forum des jeunes sur la Gouvernance de l\u2019internet au B\u00e9nin, \u00e9dition 2025<\/li>\n<li style=\"box-sizing: border-box; border: 0px; font-size: 1rem; font-style: inherit; font-weight: 600; outline: 0px; vertical-align: baseline; clear: both; color: #db0e47; line-height: 1.25em;\" data-kb-block=\"kb-adv-heading424_cf399e-56\">Forum National sur la Gouvernance de l\u2019internet au B\u00e9nin, \u00e9dition 2025<\/li>\n<li style=\"box-sizing: border-box; border: 0px; font-size: 1rem; font-style: inherit; font-weight: 600; outline: 0px; vertical-align: baseline; clear: both; color: #db0e47; line-height: 1.25em;\" data-kb-block=\"kb-adv-heading424_cf399e-56\">Hub de IGF monde 2025<\/li>\n<li style=\"box-sizing: border-box; border: 0px; font-size: 1rem; font-style: inherit; font-weight: 600; outline: 0px; vertical-align: baseline; clear: both; color: #db0e47; line-height: 1.25em;\" data-kb-block=\"kb-adv-heading424_cf399e-56\">Forum mondial sur la Gouvernance de l\u2019internet en 2025<\/li>\n<li style=\"box-sizing: border-box; border: 0px; font-size: 1rem; font-style: inherit; font-weight: 600; outline: 0px; vertical-align: baseline; clear: both; color: #db0e47; line-height: 1.25em;\" data-kb-block=\"kb-adv-heading424_cf399e-56\">Forum ouest-africain sur la Gouvernance de l\u2019internet en 2025<\/li>\n<li style=\"box-sizing: border-box; border: 0px; font-size: 1rem; font-style: inherit; font-weight: 600; outline: 0px; vertical-align: baseline; clear: both; color: #db0e47; line-height: 1.25em;\" data-kb-block=\"kb-adv-heading424_cf399e-56\">Forum africain sur la Gouvernance de l\u2019internet en 2025<\/li>\n<li style=\"box-sizing: border-box; border: 0px; font-size: 1rem; font-style: inherit; font-weight: 600; outline: 0px; vertical-align: baseline; clear: both; color: #db0e47; line-height: 1.25em;\" data-kb-block=\"kb-adv-heading424_cf399e-56\">Edition 2025 de la formation des jeunes filles en gouvernance de l&rsquo;internet dans la Municipalit\u00e9 d&rsquo;Abomey-Calavi<\/li>\n<li style=\"box-sizing: border-box; border: 0px; font-size: 1rem; font-style: inherit; font-weight: 600; outline: 0px; vertical-align: baseline; clear: both; color: #db0e47; line-height: 1.25em;\" data-kb-block=\"kb-adv-heading424_cf399e-56\">Participation \u00e0 l&rsquo;IGF monde 2024<\/li>\n<li style=\"box-sizing: border-box; border: 0px; font-size: 1rem; font-style: inherit; font-weight: 600; outline: 0px; vertical-align: baseline; clear: both; color: #db0e47; line-height: 1.25em;\" data-kb-block=\"kb-adv-heading424_cf399e-56\">Participation \u00e0 l&rsquo;IGF Afrique 2024<\/li>\n<li style=\"box-sizing: border-box; border: 0px; font-size: 1rem; font-style: inherit; font-weight: 600; outline: 0px; vertical-align: baseline; clear: both; color: #db0e47; line-height: 1.25em;\" data-kb-block=\"kb-adv-heading424_cf399e-56\">Edition 2024 du Hub de l&rsquo;IGF monde \u00e0 Abomey-Calavi<\/li>\n<li style=\"box-sizing: border-box; border: 0px; font-size: 1rem; font-style: inherit; font-weight: 600; outline: 0px; vertical-align: baseline; clear: both; color: #db0e47; line-height: 1.25em;\" data-kb-block=\"kb-adv-heading424_cf399e-56\">Edition 2024 de la formation des filles en gouvernance de l&rsquo;internet au B\u00e9nin<\/li>\n<li style=\"box-sizing: border-box; border: 0px; font-size: 1rem; font-style: inherit; font-weight: 600; outline: 0px; vertical-align: baseline; clear: both; color: #db0e47; line-height: 1.25em;\" data-kb-block=\"kb-adv-heading424_cf399e-56\">Participation au Youth IGF Benin 2024<\/li>\n<li style=\"box-sizing: border-box; border: 0px; font-size: 1rem; font-style: inherit; font-weight: 600; outline: 0px; vertical-align: baseline; clear: both; color: #db0e47; line-height: 1.25em;\" data-kb-block=\"kb-adv-heading424_cf399e-56\">Organisation du Hub de l&rsquo;IGF monde du 08 au 12 octobre 2023. L&rsquo;ONG Women Be Free a mis en place un hub dans la municipalit\u00e9 d&rsquo;Abomey-Calavi<\/li>\n<li style=\"box-sizing: border-box; border: 0px; font-size: 1rem; font-style: inherit; font-weight: 600; outline: 0px; vertical-align: baseline; clear: both; color: #db0e47; line-height: 1.25em;\" data-kb-block=\"kb-adv-heading424_cf399e-56\">Appui conseil au comit\u00e9 d\u2019organisation du 1<sup style=\"font-style: inherit;\">er<\/sup> Forum des jeunes sur la gouvernance de l\u2019internet au B\u00e9nin (Youth IGF B\u00e9nin 2023)<\/li>\n<li style=\"box-sizing: border-box; border: 0px; font-size: 1rem; font-style: inherit; font-weight: 600; outline: 0px; vertical-align: baseline; clear: both; color: #db0e47; line-height: 1.25em;\" data-kb-block=\"kb-adv-heading424_cf399e-56\">Mise en \u0153uvre en mai 2023 de la deuxi\u00e8me \u00e9dition de l\u2019\u00c9cole de la gouvernance de l\u2019internet au profit des jeunes filles b\u00e9ninoises (EGI_WBF 2023)<\/li>\n<li style=\"box-sizing: border-box; border: 0px; font-size: 1rem; font-style: inherit; font-weight: 600; outline: 0px; vertical-align: baseline; clear: both; color: #db0e47; line-height: 1.25em;\" data-kb-block=\"kb-adv-heading424_cf399e-56\">Tenue du Hub B\u00e9nin du Forum mondial sur la gouvernance de l\u2019internet Addis-Abeba \u00e0 Cotonou, du 28 novembre au 2 d\u00e9cembre 2022.<\/li>\n<li style=\"box-sizing: border-box; border: 0px; font-size: 1rem; font-style: inherit; font-weight: 600; outline: 0px; vertical-align: baseline; clear: both; color: #db0e47; line-height: 1.25em;\" data-kb-block=\"kb-adv-heading424_cf399e-56\">Mise en \u0153uvre de l\u2019\u00e9cole de la gouvernance de l\u2019internet au profit d\u2019une cohorte de 20 jeunes filles b\u00e9ninoises \u00e0 Abomey-Calavi (EGI_WBF 2022)<\/li>\n<li style=\"box-sizing: border-box; border: 0px; font-size: 1rem; font-style: inherit; font-weight: 600; outline: 0px; vertical-align: baseline; clear: both; color: #db0e47; line-height: 1.25em;\" data-kb-block=\"kb-adv-heading424_cf399e-56\">Participation de Women Be Free en qualit\u00e9 partenaire technique de la soci\u00e9t\u00e9 civile au Forum National sur la Gouvernance de l\u2019Internet \u00e9dition 2022.<\/li>\n<li style=\"box-sizing: border-box; border: 0px; font-size: 1rem; font-style: inherit; font-weight: 600; outline: 0px; vertical-align: baseline; clear: both; color: #db0e47; line-height: 1.25em;\" data-kb-block=\"kb-adv-heading424_cf399e-56\">Appui au MAG du Forum National sur la Gouvernance de l\u2019Internet (FGI B\u00e9nin) 2022<\/li>\n<li style=\"box-sizing: border-box; border: 0px; font-size: 1rem; font-style: inherit; font-weight: 600; outline: 0px; vertical-align: baseline; clear: both; color: #db0e47; line-height: 1.25em;\" data-kb-block=\"kb-adv-heading424_cf399e-56\">Coordination, appui conseil au comit\u00e9 d\u2019organisation du premier dialogue citoyen sur le futur d\u2019Internet au B\u00e9nin \/ We The Internet (Missions Publiques)<\/li>\n<li style=\"box-sizing: border-box; border: 0px; font-size: 1rem; font-style: inherit; font-weight: 600; outline: 0px; vertical-align: baseline; clear: both; color: #db0e47; line-height: 1.25em;\" data-kb-block=\"kb-adv-heading424_cf399e-56\">Forum des jeunes sur la Gouvernance de l\u2019internet au B\u00e9nin, \u00e9dition 2024. Des membres de l&rsquo;ONG Women Be Free<\/li>\n<li style=\"box-sizing: border-box; border: 0px; font-size: 1rem; font-style: inherit; font-weight: 600; outline: 0px; vertical-align: baseline; clear: both; color: #db0e47; line-height: 1.25em;\" data-kb-block=\"kb-adv-heading424_cf399e-56\">travaillent dans le comit\u00e9 d&rsquo;organisation du forum.<\/li>\n<li style=\"box-sizing: border-box; border: 0px; font-size: 1rem; font-style: inherit; font-weight: 600; outline: 0px; vertical-align: baseline; clear: both; color: #db0e47; line-height: 1.25em;\" data-kb-block=\"kb-adv-heading424_cf399e-56\">Forum National sur la Gouvernance de l\u2019internet au B\u00e9nin, \u00e9dition 2024. L&rsquo;ONG Women Be Free sera membre du comit\u00e9 national d&rsquo;organisation du forum.<\/li>\n<\/ul>\n","protected":false},"excerpt":{"rendered":"<p>\u00c9v\u00e9nements \u00e0 venir Ecole de la Gouvernance de l&rsquo;Internet, \u00e9dition 2026. ( Les inscriptions sont officiellement ouvertes pour l&rsquo;\u00e9dition 2026 de l&rsquo;Ecole sur la Gouvernance de l&rsquo;Internet (EGI 2026). Forum des jeunes sur la Gouvernance de l\u2019internet au B\u00e9nin, \u00e9dition 2026. Des membres de l&rsquo;ONG Women Be Free\u00a0travaillent dans le comit\u00e9 d&rsquo;organisation du forum. Forum [&hellip;]<\/p>\n","protected":false},"author":1,"featured_media":0,"parent":0,"menu_order":0,"comment_status":"closed","ping_status":"closed","template":"","meta":{"site-sidebar-layout":"default","site-content-layout":"","ast-site-content-layout":"default","site-content-style":"default","site-sidebar-style":"default","ast-global-header-display":"","ast-banner-title-visibility":"","ast-main-header-display":"","ast-hfb-above-header-display":"","ast-hfb-below-header-display":"","ast-hfb-mobile-header-display":"","site-post-title":"disabled","ast-breadcrumbs-content":"","ast-featured-img":"","footer-sml-layout":"","ast-disable-related-posts":"","theme-transparent-header-meta":"","adv-header-id-meta":"","stick-header-meta":"","header-above-stick-meta":"","header-main-stick-meta":"","header-below-stick-meta":"","astra-migrate-meta-layouts":"set","ast-page-background-enabled":"default","ast-page-background-meta":{"desktop":{"background-color":"var(--ast-global-color-4)","background-image":"","background-repeat":"repeat","background-position":"center center","background-size":"auto","background-attachment":"scroll","background-type":"","background-media":"","overlay-type":"","overlay-color":"","overlay-opacity":"","overlay-gradient":""},"tablet":{"background-color":"","background-image":"","background-repeat":"repeat","background-position":"center center","background-size":"auto","background-attachment":"scroll","background-type":"","background-media":"","overlay-type":"","overlay-color":"","overlay-opacity":"","overlay-gradient":""},"mobile":{"background-color":"","background-image":"","background-repeat":"repeat","background-position":"center center","background-size":"auto","background-attachment":"scroll","background-type":"","background-media":"","overlay-type":"","overlay-color":"","overlay-opacity":"","overlay-gradient":""}},"ast-content-background-meta":{"desktop":{"background-color":"var(--ast-global-color-5)","background-image":"","background-repeat":"repeat","background-position":"center center","background-size":"auto","background-attachment":"scroll","background-type":"","background-media":"","overlay-type":"","overlay-color":"","overlay-opacity":"","overlay-gradient":""},"tablet":{"background-color":"var(--ast-global-color-5)","background-image":"","background-repeat":"repeat","background-position":"center center","background-size":"auto","background-attachment":"scroll","background-type":"","background-media":"","overlay-type":"","overlay-color":"","overlay-opacity":"","overlay-gradient":""},"mobile":{"background-color":"var(--ast-global-color-5)","background-image":"","background-repeat":"repeat","background-position":"center center","background-size":"auto","background-attachment":"scroll","background-type":"","background-media":"","overlay-type":"","overlay-color":"","overlay-opacity":"","overlay-gradient":""}},"footnotes":""},"class_list":["post-424","page","type-page","status-publish","hentry"],"_links":{"self":[{"href":"https:\/\/wbf.am.bj\/index.php\/wp-json\/wp\/v2\/pages\/424","targetHints":{"allow":["GET"]}}],"collection":[{"href":"https:\/\/wbf.am.bj\/index.php\/wp-json\/wp\/v2\/pages"}],"about":[{"href":"https:\/\/wbf.am.bj\/index.php\/wp-json\/wp\/v2\/types\/page"}],"author":[{"embeddable":true,"href":"https:\/\/wbf.am.bj\/index.php\/wp-json\/wp\/v2\/users\/1"}],"replies":[{"embeddable":true,"href":"https:\/\/wbf.am.bj\/index.php\/wp-json\/wp\/v2\/comments?post=424"}],"version-history":[{"count":99,"href":"https:\/\/wbf.am.bj\/index.php\/wp-json\/wp\/v2\/pages\/424\/revisions"}],"predecessor-version":[{"id":1318,"href":"https:\/\/wbf.am.bj\/index.php\/wp-json\/wp\/v2\/pages\/424\/revisions\/1318"}],"wp:attachment":[{"href":"https:\/\/wbf.am.bj\/index.php\/wp-json\/wp\/v2\/media?parent=424"}],"curies":[{"name":"wp","href":"https:\/\/api.w.org\/{rel}","templated":true}]}}