{"id":32,"date":"2023-06-15T08:51:11","date_gmt":"2023-06-15T08:51:11","guid":{"rendered":"https:\/\/wbf.am.bj\/?page_id=32"},"modified":"2026-03-21T17:45:24","modified_gmt":"2026-03-21T17:45:24","slug":"accueil","status":"publish","type":"page","link":"https:\/\/wbf.am.bj\/","title":{"rendered":"Acceuil"},"content":{"rendered":"\t\t<div data-elementor-type=\"wp-page\" data-elementor-id=\"32\" class=\"elementor elementor-32\">\n\t\t\t\t\t\t<section class=\"elementor-section elementor-top-section elementor-element elementor-element-653d3a97 elementor-section-boxed elementor-section-height-default elementor-section-height-default\" data-id=\"653d3a97\" data-element_type=\"section\" data-e-type=\"section\">\n\t\t\t\t\t\t<div class=\"elementor-container elementor-column-gap-default\">\n\t\t\t\t\t<div class=\"elementor-column elementor-col-100 elementor-top-column elementor-element elementor-element-10ae008f\" data-id=\"10ae008f\" data-element_type=\"column\" data-e-type=\"column\">\n\t\t\t<div class=\"elementor-widget-wrap elementor-element-populated\">\n\t\t\t\t\t\t<div class=\"elementor-element elementor-element-1d83b9d5 elementor-drop-cap-yes elementor-drop-cap-view-default elementor-widget elementor-widget-text-editor\" data-id=\"1d83b9d5\" data-element_type=\"widget\" data-e-type=\"widget\" data-settings=\"{&quot;drop_cap&quot;:&quot;yes&quot;}\" data-widget_type=\"text-editor.default\">\n\t\t\t\t<div class=\"elementor-widget-container\">\n\t\t\t\t\t\t\t\t\t<div class=\"wp-block-cover alignfull\" style=\"padding-top: var(--wp--preset--spacing--80); padding-bottom: var(--wp--preset--spacing--80); min-height: 300px;\">\n<p><img fetchpriority=\"high\" decoding=\"async\" width=\"600\" height=\"448\" class=\"wp-block-cover__image-background wp-image-36\" src=\"https:\/\/wbf.am.bj\/wp-content\/uploads\/2023\/06\/Image1.jpg\" alt=\"\" data-object-fit=\"cover\" srcset=\"https:\/\/wbf.am.bj\/wp-content\/uploads\/2023\/06\/Image1.jpg 600w, https:\/\/wbf.am.bj\/wp-content\/uploads\/2023\/06\/Image1-300x224.jpg 300w\" sizes=\"(max-width: 600px) 100vw, 600px\" \/><\/p>\n<div class=\"wp-block-cover__inner-container\">\n<p><style>.kb-row-layout-id32_2c8165-82 > .kt-row-column-wrap{align-content:start;}:where(.kb-row-layout-id32_2c8165-82 > .kt-row-column-wrap) > .wp-block-kadence-column{justify-content:start;}.kb-row-layout-id32_2c8165-82 > .kt-row-column-wrap{column-gap:var(--global-kb-gap-md, 2rem);row-gap:var(--global-kb-gap-md, 2rem);padding-top:var(--global-kb-spacing-sm, 1.5rem);padding-bottom:var(--global-kb-spacing-sm, 1.5rem);grid-template-columns:minmax(0, 1fr);}.kb-row-layout-id32_2c8165-82 > .kt-row-layout-overlay{opacity:0.30;}@media all and (max-width: 1024px){.kb-row-layout-id32_2c8165-82 > .kt-row-column-wrap{grid-template-columns:minmax(0, 1fr);}}@media all and (max-width: 767px){.kb-row-layout-id32_2c8165-82 > .kt-row-column-wrap{grid-template-columns:minmax(0, 1fr);}}<\/style><div class=\"kb-row-layout-wrap kb-row-layout-id32_2c8165-82 alignnone wp-block-kadence-rowlayout\"><div class=\"kt-row-column-wrap kt-has-1-columns kt-row-layout-equal kt-tab-layout-inherit kt-mobile-layout-row kt-row-valign-top\"><style>.kadence-column32_70a80d-0a > .kt-inside-inner-col,.kadence-column32_70a80d-0a > .kt-inside-inner-col:before{border-top-left-radius:0px;border-top-right-radius:0px;border-bottom-right-radius:0px;border-bottom-left-radius:0px;}.kadence-column32_70a80d-0a > .kt-inside-inner-col{column-gap:var(--global-kb-gap-sm, 1rem);}.kadence-column32_70a80d-0a > .kt-inside-inner-col{flex-direction:column;}.kadence-column32_70a80d-0a > .kt-inside-inner-col > .aligncenter{width:100%;}.kadence-column32_70a80d-0a > .kt-inside-inner-col:before{opacity:0.3;}.kadence-column32_70a80d-0a{position:relative;}@media all and (max-width: 1024px){.kadence-column32_70a80d-0a > .kt-inside-inner-col{flex-direction:column;justify-content:center;}}@media all and (max-width: 767px){.kadence-column32_70a80d-0a > .kt-inside-inner-col{flex-direction:column;justify-content:center;}}<\/style><\/p>\n<div class=\"wp-block-kadence-column kadence-column32_70a80d-0a\">\n<div class=\"kt-inside-inner-col\">\n<p><style>.wp-block-kadence-advancedheading.kt-adv-heading32_b5b68f-e0, .wp-block-kadence-advancedheading.kt-adv-heading32_b5b68f-e0[data-kb-block=\"kb-adv-heading32_b5b68f-e0\"]{padding-bottom:0px;margin-bottom:var(--global-kb-spacing-xl, 4rem);text-align:center;font-size:var(--global-kb-font-size-xxl, 4rem);font-style:normal;}.wp-block-kadence-advancedheading.kt-adv-heading32_b5b68f-e0 mark.kt-highlight, .wp-block-kadence-advancedheading.kt-adv-heading32_b5b68f-e0[data-kb-block=\"kb-adv-heading32_b5b68f-e0\"] mark.kt-highlight{font-style:normal;color:#f76a0c;-webkit-box-decoration-break:clone;box-decoration-break:clone;padding-top:0px;padding-right:0px;padding-bottom:0px;padding-left:0px;}.wp-block-kadence-advancedheading.kt-adv-heading32_b5b68f-e0 img.kb-inline-image, .wp-block-kadence-advancedheading.kt-adv-heading32_b5b68f-e0[data-kb-block=\"kb-adv-heading32_b5b68f-e0\"] img.kb-inline-image{width:150px;vertical-align:baseline;}<\/style><\/p>\n<p><style>.wp-block-kadence-advancedheading.kt-adv-heading32_324571-b9, .wp-block-kadence-advancedheading.kt-adv-heading32_324571-b9[data-kb-block=\"kb-adv-heading32_324571-b9\"]{padding-bottom:var(--global-kb-spacing-md, 2rem);text-align:center;font-style:normal;}.wp-block-kadence-advancedheading.kt-adv-heading32_324571-b9 mark.kt-highlight, .wp-block-kadence-advancedheading.kt-adv-heading32_324571-b9[data-kb-block=\"kb-adv-heading32_324571-b9\"] mark.kt-highlight{font-style:normal;color:#f76a0c;-webkit-box-decoration-break:clone;box-decoration-break:clone;padding-top:0px;padding-right:0px;padding-bottom:0px;padding-left:0px;}.wp-block-kadence-advancedheading.kt-adv-heading32_324571-b9 img.kb-inline-image, .wp-block-kadence-advancedheading.kt-adv-heading32_324571-b9[data-kb-block=\"kb-adv-heading32_324571-b9\"] img.kb-inline-image{width:150px;vertical-align:baseline;}<\/style><\/p>\n<h2 class=\"kt-adv-heading32_324571-b9 wp-block-kadence-advancedheading has-ast-global-color-0-color has-text-color\" style=\"text-align: center;\" data-kb-block=\"kb-adv-heading32_324571-b9\">LES FILLES ET LES FEMMES DANS LE NUM\u00c9RIQUE<\/h2>\n<h2 class=\"kt-adv-heading32_324571-b9 wp-block-kadence-advancedheading has-ast-global-color-0-color has-text-color\" style=\"text-align: center;\" data-kb-block=\"kb-adv-heading32_324571-b9\">C&rsquo;EST LA CL\u00c9 DU D\u00c9VELOPPEMENT INCLUSIF DU BENIN<\/h2>\n<p><style>.wp-block-kadence-advancedheading.kt-adv-heading32_deb2fa-19, .wp-block-kadence-advancedheading.kt-adv-heading32_deb2fa-19[data-kb-block=\"kb-adv-heading32_deb2fa-19\"]{text-align:center;font-size:var(--global-kb-font-size-md, 1.25rem);font-style:normal;}.wp-block-kadence-advancedheading.kt-adv-heading32_deb2fa-19 mark.kt-highlight, .wp-block-kadence-advancedheading.kt-adv-heading32_deb2fa-19[data-kb-block=\"kb-adv-heading32_deb2fa-19\"] mark.kt-highlight{font-style:normal;color:#f76a0c;-webkit-box-decoration-break:clone;box-decoration-break:clone;padding-top:0px;padding-right:0px;padding-bottom:0px;padding-left:0px;}.wp-block-kadence-advancedheading.kt-adv-heading32_deb2fa-19 img.kb-inline-image, .wp-block-kadence-advancedheading.kt-adv-heading32_deb2fa-19[data-kb-block=\"kb-adv-heading32_deb2fa-19\"] img.kb-inline-image{width:150px;vertical-align:baseline;}<\/style><\/p>\n<h2 class=\"kt-adv-heading32_deb2fa-19 wp-block-kadence-advancedheading has-ast-global-color-1-color has-text-color\" style=\"text-align: center;\" data-kb-block=\"kb-adv-heading32_deb2fa-19\">LES FEMMES, LES FILLES ET LES GARCONS D\u2019ABORD\u202f!<\/h2>\n<p><\/p>\n<\/div>\n<\/div>\n<p><\/div><\/div><\/p>\n<\/div>\n<\/div>\n<p><!-- \/wp:cover --><!-- wp:kadence\/rowlayout {\"uniqueID\":\"32_284fd9-90\",\"colLayout\":\"equal\",\"firstColumnWidth\":50,\"secondColumnWidth\":50,\"margin\":[\"md\",\"\",\"\",\"\"],\"kbVersion\":2} --><!-- wp:kadence\/column {\"borderWidth\":[\"\",\"\",\"\",\"\"],\"uniqueID\":\"32_fc7633-69\",\"verticalAlignment\":\"middle\",\"padding\":[\"0\",\"0\",\"0\",\"xs\"],\"kbVersion\":2} --><\/p>\n<div class=\"wp-block-kadence-column kadence-column32_fc7633-69\">\n<div class=\"kt-inside-inner-col\">\n<p><!-- wp:kadence\/advancedheading {\"level\":4,\"uniqueID\":\"32_287df3-2d\",\"color\":\"var(\\u002d\\u002dast-global-color-3)\",\"markBorder\":\"\",\"markBorderStyles\":[{\"top\":[null,\"\",\"\"],\"right\":[null,\"\",\"\"],\"bottom\":[null,\"\",\"\"],\"left\":[null,\"\",\"\"],\"unit\":\"px\"}],\"tabletMarkBorderStyles\":[{\"top\":[null,\"\",\"\"],\"right\":[null,\"\",\"\"],\"bottom\":[null,\"\",\"\"],\"left\":[null,\"\",\"\"],\"unit\":\"px\"}],\"mobileMarkBorderStyles\":[{\"top\":[null,\"\",\"\"],\"right\":[null,\"\",\"\"],\"bottom\":[null,\"\",\"\"],\"left\":[null,\"\",\"\"],\"unit\":\"px\"}],\"colorClass\":\"ast-global-color-3\"} --><\/p>\n<h2 class=\"kt-adv-heading32_287df3-2d wp-block-kadence-advancedheading has-ast-global-color-3-color has-text-color\" data-kb-block=\"kb-adv-heading32_287df3-2d\">Nous avons les meilleures conditions de travail pour les jeunes gar\u00e7ons, filles et femmes<\/h2>\n<p><!-- \/wp:kadence\/advancedheading --><\/p>\n<\/div>\n<\/div>\n<p><!-- \/wp:kadence\/column --><!-- wp:kadence\/column {\"id\":2,\"borderWidth\":[\"\",\"\",\"\",\"\"],\"uniqueID\":\"32_67f23f-26\",\"padding\":[\"0\",\"0\",\"0\",\"0\"],\"borderStyle\":[{\"top\":[\"#e23d3d\",\"\",\"\"],\"right\":[\"#e23d3d\",\"\",\"\"],\"bottom\":[\"#e23d3d\",\"\",\"\"],\"left\":[\"#e23d3d\",\"\",\"\"],\"unit\":\"px\"}],\"kbVersion\":2} --><\/p>\n<div class=\"wp-block-kadence-column kadence-column32_67f23f-26\">\n<div class=\"kt-inside-inner-col\"><!-- wp:shortcode -->  <!-- \/wp:shortcode --><\/div>\n<\/div>\n<p><!-- \/wp:kadence\/column --><!-- \/wp:kadence\/rowlayout --><!-- wp:kadence\/rowlayout {\"uniqueID\":\"32_f0d2f2-3e\",\"collapseOrder\":\"right-to-left\",\"colLayout\":\"equal\",\"kbVersion\":2} --><!-- wp:kadence\/column {\"id\":2,\"borderWidth\":[\"\",\"\",\"\",\"\"],\"uniqueID\":\"32_5ee90d-fe\",\"verticalAlignment\":\"middle\",\"kbVersion\":2} --><\/p>\n<div class=\"wp-block-kadence-column kadence-column32_5ee90d-fe\">\n<div class=\"kt-inside-inner-col\"><!-- wp:shortcode -->  <!-- \/wp:shortcode --><\/div>\n<\/div>\n<p><!-- \/wp:kadence\/column --><!-- wp:kadence\/column {\"borderWidth\":[\"\",\"\",\"\",\"\"],\"uniqueID\":\"32_3daf00-f1\",\"verticalAlignment\":\"middle\",\"kbVersion\":2} --><\/p>\n<div class=\"wp-block-kadence-column kadence-column32_3daf00-f1\">\n<div class=\"kt-inside-inner-col\">\n<p><!-- wp:kadence\/advancedheading {\"level\":4,\"uniqueID\":\"32_0ba511-92\",\"color\":\"var(\\u002d\\u002dast-global-color-3)\",\"padding\":[\"\",\"\",\"\",\"xs\"],\"markBorder\":\"\",\"markBorderStyles\":[{\"top\":[null,\"\",\"\"],\"right\":[null,\"\",\"\"],\"bottom\":[null,\"\",\"\"],\"left\":[null,\"\",\"\"],\"unit\":\"px\"}],\"tabletMarkBorderStyles\":[{\"top\":[null,\"\",\"\"],\"right\":[null,\"\",\"\"],\"bottom\":[null,\"\",\"\"],\"left\":[null,\"\",\"\"],\"unit\":\"px\"}],\"mobileMarkBorderStyles\":[{\"top\":[null,\"\",\"\"],\"right\":[null,\"\",\"\"],\"bottom\":[null,\"\",\"\"],\"left\":[null,\"\",\"\"],\"unit\":\"px\"}],\"colorClass\":\"ast-global-color-3\"} --><\/p>\n<h2 class=\"kt-adv-heading32_0ba511-92 wp-block-kadence-advancedheading has-ast-global-color-3-color has-text-color\" data-kb-block=\"kb-adv-heading32_0ba511-92\">Nous sommes impliqu\u00e9s dans le processus de la Gouvernance de l\u2019Internet.\u00a0<\/h2>\n<p><!-- \/wp:kadence\/advancedheading --><\/p>\n<\/div>\n<\/div>\n<p><!-- \/wp:kadence\/column --><!-- \/wp:kadence\/rowlayout --><!-- wp:kadence\/rowlayout {\"uniqueID\":\"32_8d4163-b2\",\"colLayout\":\"equal\",\"kbVersion\":2} --><!-- wp:kadence\/column {\"borderWidth\":[\"\",\"\",\"\",\"\"],\"uniqueID\":\"32_df7656-f1\",\"verticalAlignment\":\"middle\",\"kbVersion\":2} --><\/p>\n<div class=\"wp-block-kadence-column kadence-column32_df7656-f1\">\n<div class=\"kt-inside-inner-col\">\n<p><!-- wp:kadence\/advancedheading {\"level\":4,\"uniqueID\":\"32_22d607-61\",\"color\":\"var(\\u002d\\u002dast-global-color-3)\",\"padding\":[\"\",\"\",\"\",\"xs\"],\"markBorder\":\"\",\"markBorderStyles\":[{\"top\":[null,\"\",\"\"],\"right\":[null,\"\",\"\"],\"bottom\":[null,\"\",\"\"],\"left\":[null,\"\",\"\"],\"unit\":\"px\"}],\"tabletMarkBorderStyles\":[{\"top\":[null,\"\",\"\"],\"right\":[null,\"\",\"\"],\"bottom\":[null,\"\",\"\"],\"left\":[null,\"\",\"\"],\"unit\":\"px\"}],\"mobileMarkBorderStyles\":[{\"top\":[null,\"\",\"\"],\"right\":[null,\"\",\"\"],\"bottom\":[null,\"\",\"\"],\"left\":[null,\"\",\"\"],\"unit\":\"px\"}],\"colorClass\":\"ast-global-color-3\"} --><\/p>\n<h2 class=\"kt-adv-heading32_22d607-61 wp-block-kadence-advancedheading has-ast-global-color-3-color has-text-color\" style=\"text-align: right;\" data-kb-block=\"kb-adv-heading32_22d607-61\"><span style=\"color: #ff0000;\">Les inscriptions sont officiellement ouvertes pour l&rsquo;\u00e9dition 2026 de l&rsquo;Ecole sur la Gouvernance de l&rsquo;Internet (EGI 2026) qui se tiendra du 01 au 03 Mai 2026.<\/span>\u00a0<a href=\"https:\/\/forms.gle\/tgb8dVApy1krPoTs5\">https:\/\/forms.gle\/tgb8dVApy1krPoTs5<\/a><br \/>Date limite d&rsquo;inscription fix\u00e9e au : <span style=\"color: #ff0000;\">19 Avril 2026<\/span><\/h2>\n<p><!-- \/wp:kadence\/advancedheading --><\/p>\n<\/div>\n<\/div>\n<p><!-- \/wp:kadence\/column --><!-- wp:kadence\/column {\"id\":2,\"borderWidth\":[\"\",\"\",\"\",\"\"],\"uniqueID\":\"32_24c76c-0e\",\"textAlign\":[\"center\",\"\",\"\"],\"direction\":[\"horizontal\",\"\",\"\"],\"justifyContent\":[\"center\",\"\",\"\"],\"rowGap\":[10,\"\",\"\"],\"kbVersion\":2} --><\/p>\n<div class=\"wp-block-kadence-column kadence-column32_24c76c-0e kb-section-dir-horizontal\">\n<div class=\"kt-inside-inner-col\">\n<p><!-- wp:kadence\/image {\"id\":500,\"sizeSlug\":\"full\",\"uniqueID\":\"32_3fef0b-ee\"} --><\/p>\n<figure class=\"wp-block-kadence-image kb-image32_3fef0b-ee size-full\"><\/figure>\n<p><!-- \/wp:kadence\/image --><\/p>\n<\/div>\n<\/div>\n<p><!-- \/wp:kadence\/column --><!-- \/wp:kadence\/rowlayout --><!-- wp:kadence\/rowlayout {\"uniqueID\":\"32_f952ff-77\",\"collapseOrder\":\"right-to-left\",\"colLayout\":\"equal\",\"padding\":[\"sm\",\"\",\"xxl\",\"\"],\"kbVersion\":2} --><!-- wp:kadence\/column {\"id\":2,\"borderWidth\":[\"\",\"\",\"\",\"\"],\"uniqueID\":\"32_c102ad-c5\",\"textAlign\":[\"center\",\"\",\"\"],\"direction\":[\"horizontal\",\"\",\"\"],\"justifyContent\":[\"center\",\"\",\"\"],\"rowGap\":[10,\"\",\"\"],\"kbVersion\":2} --><\/p>\n<div class=\"wp-block-kadence-column kadence-column32_c102ad-c5 kb-section-dir-horizontal\">\n<div class=\"kt-inside-inner-col\">\n<p><!-- wp:gallery {\"linkTo\":\"none\",\"sizeSlug\":\"full\"} --><\/p>\n<figure class=\"wp-block-gallery has-nested-images columns-default is-cropped\"><!-- wp:image {\"id\":1273,\"sizeSlug\":\"full\",\"linkDestination\":\"none\"} -->\n<h2 class=\"wp-block-image size-full\" style=\"text-align: right;\"><img decoding=\"async\" class=\"wp-image-1273 alignleft\" src=\"https:\/\/wbf.am.bj\/wp-content\/uploads\/2025\/12\/WhatsApp-Image-2025-12-24-at-17.09.12-rotated.jpeg\" alt=\"\" width=\"682\" height=\"383\" srcset=\"https:\/\/wbf.am.bj\/wp-content\/uploads\/2025\/12\/WhatsApp-Image-2025-12-24-at-17.09.12-rotated.jpeg 1080w, https:\/\/wbf.am.bj\/wp-content\/uploads\/2025\/12\/WhatsApp-Image-2025-12-24-at-17.09.12-300x169.jpeg 300w, https:\/\/wbf.am.bj\/wp-content\/uploads\/2025\/12\/WhatsApp-Image-2025-12-24-at-17.09.12-1024x576.jpeg 1024w, https:\/\/wbf.am.bj\/wp-content\/uploads\/2025\/12\/WhatsApp-Image-2025-12-24-at-17.09.12-768x432.jpeg 768w\" sizes=\"(max-width: 682px) 100vw, 682px\" \/><\/h2>\n<h2 class=\"wp-block-image size-full\" style=\"text-align: right;\"><strong><span style=\"color: #000080;\">A la veille de No\u00ebl, le mercredi 24 d\u00e9cembre 2025, l&rsquo;ONG\u00a0 Women Be Free a concr\u00e9tis\u00e9 sa mission de promotion du bien-\u00eatre de la femme et de la jeune fille par une action de solidarit\u00e9.<\/span><\/strong><\/h2>\n<h5 class=\"wp-block-image size-full\" style=\"text-align: left;\"><strong style=\"color: #334155; font-size: 1.25rem; font-style: inherit;\"><strong style=\"font-size: 16px; font-style: inherit; color: #7a7a7a;\">Soutenez Women Be Free<\/strong><\/strong><\/h5>\n<\/figure>\n<\/div>\n<\/div>\n<div class=\"wp-block-kadence-column kadence-column32_522473-67\">\n<div class=\"kt-inside-inner-col\">\n<p><!-- \/wp:paragraph --><\/p>\n<\/div>\n<\/div>\n<p><!-- \/wp:kadence\/column --><!-- \/wp:kadence\/rowlayout --><!-- wp:columns --><\/p>\n<div class=\"wp-block-columns\">\n<p><!-- wp:column {\"width\":\"50%\"} --><\/p>\n<div class=\"wp-block-column\" style=\"flex-basis: 50%;\">\n<p><!-- wp:image {\"id\":1125,\"sizeSlug\":\"large\",\"linkDestination\":\"none\"} --><\/p>\n<figure class=\"wp-block-image size-large\"><img decoding=\"async\" class=\"wp-image-1125 alignright\" src=\"https:\/\/wbf.am.bj\/wp-content\/uploads\/2025\/01\/WhatsApp-Image-2024-12-16-at-18.53.50-1-1024x765.jpeg\" alt=\"\" width=\"625\" height=\"467\" srcset=\"https:\/\/wbf.am.bj\/wp-content\/uploads\/2025\/01\/WhatsApp-Image-2024-12-16-at-18.53.50-1-1024x765.jpeg 1024w, https:\/\/wbf.am.bj\/wp-content\/uploads\/2025\/01\/WhatsApp-Image-2024-12-16-at-18.53.50-1-300x224.jpeg 300w, https:\/\/wbf.am.bj\/wp-content\/uploads\/2025\/01\/WhatsApp-Image-2024-12-16-at-18.53.50-1-768x574.jpeg 768w, https:\/\/wbf.am.bj\/wp-content\/uploads\/2025\/01\/WhatsApp-Image-2024-12-16-at-18.53.50-1.jpeg 1280w\" sizes=\"(max-width: 625px) 100vw, 625px\" \/><\/figure>\n<p><!-- \/wp:image --><\/p>\n<\/div>\n<p><!-- \/wp:column --><!-- wp:column {\"width\":\"50%\"} --><\/p>\n<div class=\"wp-block-column\" style=\"flex-basis: 50%;\">\n<p><!-- wp:kadence\/advancedheading {\"level\":1,\"uniqueID\":\"32_fa2337-da\",\"markBorder\":\"\",\"markBorderStyles\":[{\"top\":[null,\"\",\"\"],\"right\":[null,\"\",\"\"],\"bottom\":[null,\"\",\"\"],\"left\":[null,\"\",\"\"],\"unit\":\"px\"}],\"tabletMarkBorderStyles\":[{\"top\":[null,\"\",\"\"],\"right\":[null,\"\",\"\"],\"bottom\":[null,\"\",\"\"],\"left\":[null,\"\",\"\"],\"unit\":\"px\"}],\"mobileMarkBorderStyles\":[{\"top\":[null,\"\",\"\"],\"right\":[null,\"\",\"\"],\"bottom\":[null,\"\",\"\"],\"left\":[null,\"\",\"\"],\"unit\":\"px\"}]} --><\/p>\n<h2 class=\"kt-adv-heading32_fa2337-da wp-block-kadence-advancedheading\" style=\"text-align: left;\" data-kb-block=\"kb-adv-heading32_fa2337-da\">Remonte <strong>HUB de l&rsquo;IGF monde 2024 organis\u00e9 par l&rsquo;ONG Women Be Free \u00e0 Abomey-Calavi au B\u00e9nin<\/strong> du 15 au 19 d\u00e9cembre 2024<\/h2>\n<p><!-- \/wp:kadence\/advancedheading --><\/p>\n<\/div>\n<p><!-- \/wp:column --><\/p>\n<\/div>\n<p><!-- \/wp:columns --><\/p>\t\t\t\t\t\t\t\t<\/div>\n\t\t\t\t<\/div>\n\t\t\t\t\t<\/div>\n\t\t<\/div>\n\t\t\t\t\t<\/div>\n\t\t<\/section>\n\t\t\t\t<\/div>\n\t\t","protected":false},"excerpt":{"rendered":"<p>LES FILLES ET LES FEMMES DANS LE NUM\u00c9RIQUE C&rsquo;EST LA CL\u00c9 DU D\u00c9VELOPPEMENT INCLUSIF DU BENIN LES FEMMES, LES FILLES ET LES GARCONS D\u2019ABORD\u202f! Nous avons les meilleures conditions de travail pour les jeunes gar\u00e7ons, filles et femmes Nous sommes impliqu\u00e9s dans le processus de la Gouvernance de l\u2019Internet.\u00a0 Les inscriptions sont officiellement ouvertes pour [&hellip;]<\/p>\n","protected":false},"author":1,"featured_media":0,"parent":0,"menu_order":0,"comment_status":"closed","ping_status":"closed","template":"","meta":{"site-sidebar-layout":"default","site-content-layout":"page-builder","ast-site-content-layout":"full-width-container","site-content-style":"unboxed","site-sidebar-style":"unboxed","ast-global-header-display":"","ast-banner-title-visibility":"","ast-main-header-display":"","ast-hfb-above-header-display":"","ast-hfb-below-header-display":"","ast-hfb-mobile-header-display":"","site-post-title":"disabled","ast-breadcrumbs-content":"","ast-featured-img":"","footer-sml-layout":"","ast-disable-related-posts":"","theme-transparent-header-meta":"","adv-header-id-meta":"","stick-header-meta":"","header-above-stick-meta":"","header-main-stick-meta":"","header-below-stick-meta":"","astra-migrate-meta-layouts":"set","ast-page-background-enabled":"default","ast-page-background-meta":{"desktop":{"background-color":"var(--ast-global-color-4)","background-image":"","background-repeat":"repeat","background-position":"center center","background-size":"auto","background-attachment":"scroll","background-type":"","background-media":"","overlay-type":"","overlay-color":"","overlay-opacity":"","overlay-gradient":""},"tablet":{"background-color":"","background-image":"","background-repeat":"repeat","background-position":"center center","background-size":"auto","background-attachment":"scroll","background-type":"","background-media":"","overlay-type":"","overlay-color":"","overlay-opacity":"","overlay-gradient":""},"mobile":{"background-color":"","background-image":"","background-repeat":"repeat","background-position":"center center","background-size":"auto","background-attachment":"scroll","background-type":"","background-media":"","overlay-type":"","overlay-color":"","overlay-opacity":"","overlay-gradient":""}},"ast-content-background-meta":{"desktop":{"background-color":"var(--ast-global-color-5)","background-image":"","background-repeat":"repeat","background-position":"center center","background-size":"auto","background-attachment":"scroll","background-type":"","background-media":"","overlay-type":"","overlay-color":"","overlay-opacity":"","overlay-gradient":""},"tablet":{"background-color":"var(--ast-global-color-5)","background-image":"","background-repeat":"repeat","background-position":"center center","background-size":"auto","background-attachment":"scroll","background-type":"","background-media":"","overlay-type":"","overlay-color":"","overlay-opacity":"","overlay-gradient":""},"mobile":{"background-color":"var(--ast-global-color-5)","background-image":"","background-repeat":"repeat","background-position":"center center","background-size":"auto","background-attachment":"scroll","background-type":"","background-media":"","overlay-type":"","overlay-color":"","overlay-opacity":"","overlay-gradient":""}},"footnotes":""},"class_list":["post-32","page","type-page","status-publish","hentry"],"_links":{"self":[{"href":"https:\/\/wbf.am.bj\/index.php\/wp-json\/wp\/v2\/pages\/32","targetHints":{"allow":["GET"]}}],"collection":[{"href":"https:\/\/wbf.am.bj\/index.php\/wp-json\/wp\/v2\/pages"}],"about":[{"href":"https:\/\/wbf.am.bj\/index.php\/wp-json\/wp\/v2\/types\/page"}],"author":[{"embeddable":true,"href":"https:\/\/wbf.am.bj\/index.php\/wp-json\/wp\/v2\/users\/1"}],"replies":[{"embeddable":true,"href":"https:\/\/wbf.am.bj\/index.php\/wp-json\/wp\/v2\/comments?post=32"}],"version-history":[{"count":114,"href":"https:\/\/wbf.am.bj\/index.php\/wp-json\/wp\/v2\/pages\/32\/revisions"}],"predecessor-version":[{"id":1395,"href":"https:\/\/wbf.am.bj\/index.php\/wp-json\/wp\/v2\/pages\/32\/revisions\/1395"}],"wp:attachment":[{"href":"https:\/\/wbf.am.bj\/index.php\/wp-json\/wp\/v2\/media?parent=32"}],"curies":[{"name":"wp","href":"https:\/\/api.w.org\/{rel}","templated":true}]}}