{"id":138,"date":"2023-06-15T16:39:27","date_gmt":"2023-06-15T16:39:27","guid":{"rendered":"https:\/\/wbf.am.bj\/?page_id=138"},"modified":"2026-03-26T16:17:41","modified_gmt":"2026-03-26T16:17:41","slug":"publications","status":"publish","type":"page","link":"https:\/\/wbf.am.bj\/index.php\/publications\/","title":{"rendered":"Publications"},"content":{"rendered":"<h1>PUBLICATIONS<\/h1>\n<h4>Rapport annuel 2025<\/h4>\n\n<h4>Rapport de formation \u00e0 la mise en place de r\u00e9seaux internet communautaires 2026<\/h4>\n\n<h4 style=\"font-style: normal; color: #db0e47;\">Rapport d&rsquo;orientation universitaire 2025<\/h4>\n\n<h4 style=\"font-style: normal; color: #db0e47;\">Rapport de recherche-action 2025<\/h4>\n\n<h4>Rapport de IGF-HUB 2025<\/h4>\n<p style=\"font-size: 16px; font-style: normal; font-weight: 400; color: #7a7a7a;\"><\/p>\n\n<h4 style=\"padding-top: 0; padding-left: 0;\">Rapport de EGI 2025<\/h4>\n\n<h4 style=\"padding-top: 0; padding-left: 0;\">Rapport du webinaire de la JIF 2025<\/h4>\n\n<h4 style=\"padding-top: 0; padding-left: 0;\">Rapport du hub du FGI monde 2024 \u00e0 Ou\u00e8do \u00e0 Abomey-Calavi<\/h4>\n\n<h4 style=\"padding-top: 0; padding-left: 0;\">\u00a0Rapport de la participation de la repr\u00e9sentante WBF \u00e0 l&rsquo;IGF 2024<\/h4>\n\n<h4 style=\"padding-top: 0; padding-left: 0;\">Rapport de la participation du Pr\u00e9sident \u00e0 l&rsquo;IGF 2024<\/h4>\n\n<h4 style=\"padding-top: 0; padding-left: 0;\">Rapport de la participation de la repr\u00e9sentante de WBF \u00e0 l&rsquo;IGF Afrique 2024<\/h4>\n\n<h4 style=\"padding-top: 0; padding-left: 0;\"><strong>Rapport de la formation des filles au m\u00e9tier de registraire, \u00e9dition 2024<\/strong><\/h4>\n\n<h4 style=\"padding-top: 0; padding-left: 0;\">\u00a0<strong style=\"font-size: 1.5rem; font-style: inherit;\">Communiqu\u00e9 final du forum des jeunes sur la gouvernance de l&rsquo;internet, \u00e9dition 2024<\/strong><\/h4>\n <!-- \/wp:post-content -->\n\n<!-- \/wp:kadence\/column --><!-- wp:kadence\/column {\"background\":\"var(u002du002dast-global-color-5)\",\"borderWidth\":[\"\",\"\",\"\",\"\"],\"uniqueID\":\"138_cc8f87-aa\",\"padding\":[\"xs\",\"\",\"0\",\"0\"],\"margin\":[\"0\",\"\",\"\",\"\"],\"borderStyle\":[{\"top\":[\"#cccbcb\",\"\",1],\"right\":[\"#cccbcb\",\"\",1],\"bottom\":[\"#cccbcb\",\"\",1],\"left\":[\"#cccbcb\",\"\",1],\"unit\":\"px\"}],\"kbVersion\":2} -->\n\n<!-- wp:heading {\"textAlign\":\"center\",\"level\":4,\"style\":{\"spacing\":{\"padding\":{\"left\":\"0\",\"top\":\"0\"}}},\"textColor\":\"ast-global-color-2\"} -->\n<h4 style=\"padding-top: 0; padding-left: 0;\"><strong>Rapport de la formation des filles en gouvernance de l&rsquo;internet \u00e9dition 2024<\/strong><\/h4>\n<!-- \/wp:heading --><!-- wp:shortcode -->  <!-- \/wp:shortcode -->\n\n<!-- \/wp:kadence\/column --><!-- wp:kadence\/column {\"background\":\"var(u002du002dast-global-color-5)\",\"borderWidth\":[\"\",\"\",\"\",\"\"],\"uniqueID\":\"138_3add77-5b\",\"padding\":[\"xs\",\"\",\"0\",\"0\"],\"margin\":[\"0\",\"\",\"\",\"\"],\"borderStyle\":[{\"top\":[\"#cccbcb\",\"\",1],\"right\":[\"#cccbcb\",\"\",1],\"bottom\":[\"#cccbcb\",\"\",1],\"left\":[\"#cccbcb\",\"\",1],\"unit\":\"px\"}],\"kbVersion\":2} -->\n\n<!-- wp:heading {\"textAlign\":\"center\",\"level\":4,\"style\":{\"spacing\":{\"padding\":{\"left\":\"0\",\"top\":\"0\"}}},\"textColor\":\"ast-global-color-2\"} -->\n<h4 style=\"padding-top: 0; padding-left: 0;\"><strong>Rapport de la formation sur la transformation de fruits en jus naturel en 2023<\/strong><\/h4>\n<!-- \/wp:heading --><!-- wp:shortcode -->  <!-- \/wp:shortcode -->\n\n<!-- \/wp:kadence\/column --><!-- wp:kadence\/column {\"background\":\"var(u002du002dast-global-color-5)\",\"borderWidth\":[\"\",\"\",\"\",\"\"],\"uniqueID\":\"138_10c471-0c\",\"padding\":[\"xs\",\"\",\"0\",\"0\"],\"margin\":[\"0\",\"\",\"\",\"\"],\"borderStyle\":[{\"top\":[\"#cccbcb\",\"\",1],\"right\":[\"#cccbcb\",\"\",1],\"bottom\":[\"#cccbcb\",\"\",1],\"left\":[\"#cccbcb\",\"\",1],\"unit\":\"px\"}],\"kbVersion\":2} -->\n\n<!-- wp:heading {\"textAlign\":\"center\",\"level\":4,\"style\":{\"spacing\":{\"padding\":{\"left\":\"0\",\"top\":\"0\"}}},\"textColor\":\"ast-global-color-2\"} -->\n<h4 style=\"padding-top: 0; padding-left: 0;\">Rapport Hub IGF B\u00e9nin 2023<\/h4>\n<!-- \/wp:heading --><!-- wp:shortcode -->  <!-- \/wp:shortcode -->\n\n<!-- \/wp:kadence\/column --><!-- wp:kadence\/column {\"background\":\"var(u002du002dast-global-color-5)\",\"borderWidth\":[\"\",\"\",\"\",\"\"],\"uniqueID\":\"138_567d17-b0\",\"padding\":[\"xs\",\"\",\"0\",\"0\"],\"margin\":[\"0\",\"\",\"\",\"\"],\"borderStyle\":[{\"top\":[\"#cccbcb\",\"\",1],\"right\":[\"#cccbcb\",\"\",1],\"bottom\":[\"#cccbcb\",\"\",1],\"left\":[\"#cccbcb\",\"\",1],\"unit\":\"px\"}],\"kbVersion\":2} -->\n\n<!-- wp:heading {\"textAlign\":\"center\",\"level\":4,\"style\":{\"spacing\":{\"padding\":{\"left\":\"0\",\"top\":\"0\"}}},\"textColor\":\"ast-global-color-2\"} -->\n<h4 style=\"padding-top: 0; padding-left: 0;\">Rapport YFGI B\u00e9nin 2023<\/h4>\n<!-- \/wp:heading --><!-- wp:shortcode -->  <!-- \/wp:shortcode -->\n\n<!-- \/wp:kadence\/column --><!-- wp:kadence\/column {\"background\":\"var(u002du002dast-global-color-5)\",\"borderWidth\":[\"\",\"\",\"\",\"\"],\"uniqueID\":\"138_bdcf2e-92\",\"padding\":[\"xs\",\"\",\"0\",\"0\"],\"margin\":[\"0\",\"\",\"\",\"\"],\"borderStyle\":[{\"top\":[\"#cccbcb\",\"\",1],\"right\":[\"#cccbcb\",\"\",1],\"bottom\":[\"#cccbcb\",\"\",1],\"left\":[\"#cccbcb\",\"\",1],\"unit\":\"px\"}],\"kbVersion\":2} -->\n\n<!-- wp:heading {\"textAlign\":\"center\",\"level\":4,\"style\":{\"spacing\":{\"padding\":{\"left\":\"0\",\"top\":\"0\"}}},\"textColor\":\"ast-global-color-2\"} -->\n<h4 style=\"padding-top: 0; padding-left: 0;\">Rapport SIG 2023<\/h4>\n<!-- \/wp:heading --><!-- wp:shortcode -->  <!-- \/wp:shortcode -->\n\n<!-- \/wp:kadence\/column --><!-- wp:kadence\/column {\"background\":\"var(u002du002dast-global-color-5)\",\"borderWidth\":[\"\",\"\",\"\",\"\"],\"uniqueID\":\"138_4728a5-dd\",\"padding\":[\"xs\",\"\",\"0\",\"0\"],\"margin\":[\"0\",\"\",\"\",\"\"],\"borderStyle\":[{\"top\":[\"#cccbcb\",\"\",1],\"right\":[\"#cccbcb\",\"\",1],\"bottom\":[\"#cccbcb\",\"\",1],\"left\":[\"#cccbcb\",\"\",1],\"unit\":\"px\"}],\"kbVersion\":2} -->\n\n<!-- wp:heading {\"textAlign\":\"center\",\"level\":4,\"style\":{\"spacing\":{\"padding\":{\"left\":\"0\",\"top\":\"0\"}}},\"textColor\":\"ast-global-color-2\"} -->\n<h4 style=\"padding-top: 0; padding-left: 0;\">Rapport SIG 2022<\/h4>\n<!-- \/wp:heading --><!-- wp:shortcode -->\n\n\n\n<!-- \/wp:shortcode -->\n\n<!-- \/wp:kadence\/column --><!-- wp:kadence\/column {\"background\":\"var(u002du002dast-global-color-5)\",\"borderWidth\":[\"\",\"\",\"\",\"\"],\"uniqueID\":\"138_be1a4d-93\",\"padding\":[\"xs\",\"\",\"0\",\"0\"],\"margin\":[\"0\",\"\",\"\",\"\"],\"borderStyle\":[{\"top\":[\"#cccbcb\",\"\",1],\"right\":[\"#cccbcb\",\"\",1],\"bottom\":[\"#cccbcb\",\"\",1],\"left\":[\"#cccbcb\",\"\",1],\"unit\":\"px\"}],\"kbVersion\":2} -->\n\n<!-- wp:heading {\"textAlign\":\"center\",\"level\":4,\"style\":{\"spacing\":{\"padding\":{\"left\":\"0\",\"top\":\"0\"}}},\"textColor\":\"ast-global-color-2\"} -->\n<h4 style=\"padding-top: 0; padding-left: 0;\">Projet \u00abPas de tort d&rsquo;\u00eatre femme\u00bb<\/h4>\n<!-- \/wp:heading --><!-- wp:shortcode -->\n\n\n\n<!-- \/wp:shortcode -->\n\n<!-- \/wp:kadence\/column --><!-- wp:kadence\/column {\"background\":\"var(u002du002dast-global-color-5)\",\"borderWidth\":[\"\",\"\",\"\",\"\"],\"uniqueID\":\"138_c0436d-0b\",\"padding\":[\"xs\",\"\",\"0\",\"0\"],\"margin\":[\"0\",\"\",\"\",\"\"],\"borderStyle\":[{\"top\":[\"#cccbcb\",\"\",1],\"right\":[\"#cccbcb\",\"\",1],\"bottom\":[\"#cccbcb\",\"\",1],\"left\":[\"#cccbcb\",\"\",1],\"unit\":\"px\"}],\"kbVersion\":2} -->\n\n<!-- wp:heading {\"textAlign\":\"center\",\"level\":4,\"style\":{\"spacing\":{\"padding\":{\"left\":\"0\",\"top\":\"0\"}}},\"textColor\":\"ast-global-color-2\"} -->\n<h4 style=\"padding-top: 0; padding-left: 0;\">Citizen dialogue Benin 2020<\/h4>\n<!-- \/wp:heading --><!-- wp:shortcode -->\n\n\n\n<!-- \/wp:shortcode -->\n\n<!-- \/wp:kadence\/column --><!-- wp:kadence\/column {\"background\":\"var(u002du002dast-global-color-5)\",\"borderWidth\":[\"\",\"\",\"\",\"\"],\"uniqueID\":\"138_9e4e16-b3\",\"padding\":[\"xs\",\"\",\"0\",\"0\"],\"margin\":[\"0\",\"\",\"\",\"\"],\"borderStyle\":[{\"top\":[\"#cccbcb\",\"\",1],\"right\":[\"#cccbcb\",\"\",1],\"bottom\":[\"#cccbcb\",\"\",1],\"left\":[\"#cccbcb\",\"\",1],\"unit\":\"px\"}],\"kbVersion\":2} -->\n\n<!-- wp:heading {\"textAlign\":\"center\",\"level\":4,\"style\":{\"spacing\":{\"padding\":{\"left\":\"0\",\"top\":\"0\"}}},\"textColor\":\"ast-global-color-2\"} -->\n<h4 style=\"padding-top: 0; padding-left: 0;\">Draft Projet Nati1<\/h4>\n<!-- \/wp:heading --><!-- wp:shortcode -->\n\n\n\n<!-- \/wp:shortcode -->\n\n<!-- \/wp:kadence\/column --><!-- wp:kadence\/column {\"background\":\"var(u002du002dast-global-color-5)\",\"borderWidth\":[\"\",\"\",\"\",\"\"],\"uniqueID\":\"138_2a07b4-0e\",\"padding\":[\"xs\",\"\",\"0\",\"0\"],\"margin\":[\"0\",\"\",\"\",\"\"],\"borderStyle\":[{\"top\":[\"#cccbcb\",\"\",1],\"right\":[\"#cccbcb\",\"\",1],\"bottom\":[\"#cccbcb\",\"\",1],\"left\":[\"#cccbcb\",\"\",1],\"unit\":\"px\"}],\"kbVersion\":2} -->\n\n<!-- wp:heading {\"textAlign\":\"center\",\"level\":4,\"style\":{\"spacing\":{\"padding\":{\"left\":\"0\",\"top\":\"0\"}}},\"textColor\":\"ast-global-color-2\"} -->\n<h4 style=\"padding-top: 0; padding-left: 0;\">Rapport Kplon Alonouzo 2020 wbf<\/h4>\n<!-- \/wp:heading --><!-- wp:shortcode -->\n\n\n\n<!-- \/wp:shortcode -->\n\n<!-- \/wp:kadence\/column --><!-- wp:kadence\/column {\"background\":\"var(u002du002dast-global-color-5)\",\"borderWidth\":[\"\",\"\",\"\",\"\"],\"uniqueID\":\"138_502895-92\",\"padding\":[\"xs\",\"\",\"0\",\"0\"],\"margin\":[\"0\",\"\",\"\",\"\"],\"borderStyle\":[{\"top\":[\"#cccbcb\",\"\",1],\"right\":[\"#cccbcb\",\"\",1],\"bottom\":[\"#cccbcb\",\"\",1],\"left\":[\"#cccbcb\",\"\",1],\"unit\":\"px\"}],\"kbVersion\":2} -->\n\n<!-- wp:heading {\"textAlign\":\"center\",\"level\":4,\"style\":{\"spacing\":{\"padding\":{\"left\":\"0\",\"top\":\"0\"}}},\"textColor\":\"ast-global-color-2\"} -->\n<h4 style=\"padding-top: 0; padding-left: 0;\">Rapport Kplon Alonouzo 2019 wbf<\/h4>\n<!-- \/wp:heading --><!-- wp:shortcode -->\n\n\n\n<!-- \/wp:shortcode -->\n\n<!-- \/wp:kadence\/column --><!-- wp:kadence\/column {\"id\":2,\"borderWidth\":[\"\",\"\",\"\",\"\"],\"uniqueID\":\"138_d7043b-eb\",\"kbVersion\":2} -->\n\n<!-- \/wp:kadence\/column --><!-- \/wp:kadence\/rowlayout -->","protected":false},"excerpt":{"rendered":"<p>PUBLICATIONS Rapport annuel 2025 Rapport de formation \u00e0 la mise en place de r\u00e9seaux internet communautaires 2026 Rapport d&rsquo;orientation universitaire 2025 Rapport de recherche-action 2025 Rapport de IGF-HUB 2025 Rapport de EGI 2025 Rapport du webinaire de la JIF 2025 Rapport du hub du FGI monde 2024 \u00e0 Ou\u00e8do \u00e0 Abomey-Calavi \u00a0Rapport de la participation [&hellip;]<\/p>\n","protected":false},"author":1,"featured_media":0,"parent":0,"menu_order":0,"comment_status":"closed","ping_status":"closed","template":"","meta":{"site-sidebar-layout":"default","site-content-layout":"","ast-site-content-layout":"default","site-content-style":"default","site-sidebar-style":"default","ast-global-header-display":"","ast-banner-title-visibility":"","ast-main-header-display":"","ast-hfb-above-header-display":"","ast-hfb-below-header-display":"","ast-hfb-mobile-header-display":"","site-post-title":"disabled","ast-breadcrumbs-content":"","ast-featured-img":"","footer-sml-layout":"","ast-disable-related-posts":"","theme-transparent-header-meta":"","adv-header-id-meta":"","stick-header-meta":"","header-above-stick-meta":"","header-main-stick-meta":"","header-below-stick-meta":"","astra-migrate-meta-layouts":"set","ast-page-background-enabled":"default","ast-page-background-meta":{"desktop":{"background-color":"var(--ast-global-color-4)","background-image":"","background-repeat":"repeat","background-position":"center center","background-size":"auto","background-attachment":"scroll","background-type":"","background-media":"","overlay-type":"","overlay-color":"","overlay-opacity":"","overlay-gradient":""},"tablet":{"background-color":"","background-image":"","background-repeat":"repeat","background-position":"center center","background-size":"auto","background-attachment":"scroll","background-type":"","background-media":"","overlay-type":"","overlay-color":"","overlay-opacity":"","overlay-gradient":""},"mobile":{"background-color":"","background-image":"","background-repeat":"repeat","background-position":"center center","background-size":"auto","background-attachment":"scroll","background-type":"","background-media":"","overlay-type":"","overlay-color":"","overlay-opacity":"","overlay-gradient":""}},"ast-content-background-meta":{"desktop":{"background-color":"var(--ast-global-color-5)","background-image":"","background-repeat":"repeat","background-position":"center center","background-size":"auto","background-attachment":"scroll","background-type":"","background-media":"","overlay-type":"","overlay-color":"","overlay-opacity":"","overlay-gradient":""},"tablet":{"background-color":"var(--ast-global-color-5)","background-image":"","background-repeat":"repeat","background-position":"center center","background-size":"auto","background-attachment":"scroll","background-type":"","background-media":"","overlay-type":"","overlay-color":"","overlay-opacity":"","overlay-gradient":""},"mobile":{"background-color":"var(--ast-global-color-5)","background-image":"","background-repeat":"repeat","background-position":"center center","background-size":"auto","background-attachment":"scroll","background-type":"","background-media":"","overlay-type":"","overlay-color":"","overlay-opacity":"","overlay-gradient":""}},"footnotes":""},"class_list":["post-138","page","type-page","status-publish","hentry"],"_links":{"self":[{"href":"https:\/\/wbf.am.bj\/index.php\/wp-json\/wp\/v2\/pages\/138","targetHints":{"allow":["GET"]}}],"collection":[{"href":"https:\/\/wbf.am.bj\/index.php\/wp-json\/wp\/v2\/pages"}],"about":[{"href":"https:\/\/wbf.am.bj\/index.php\/wp-json\/wp\/v2\/types\/page"}],"author":[{"embeddable":true,"href":"https:\/\/wbf.am.bj\/index.php\/wp-json\/wp\/v2\/users\/1"}],"replies":[{"embeddable":true,"href":"https:\/\/wbf.am.bj\/index.php\/wp-json\/wp\/v2\/comments?post=138"}],"version-history":[{"count":261,"href":"https:\/\/wbf.am.bj\/index.php\/wp-json\/wp\/v2\/pages\/138\/revisions"}],"predecessor-version":[{"id":1420,"href":"https:\/\/wbf.am.bj\/index.php\/wp-json\/wp\/v2\/pages\/138\/revisions\/1420"}],"wp:attachment":[{"href":"https:\/\/wbf.am.bj\/index.php\/wp-json\/wp\/v2\/media?parent=138"}],"curies":[{"name":"wp","href":"https:\/\/api.w.org\/{rel}","templated":true}]}}